{"id":292,"date":"2025-02-26T10:07:29","date_gmt":"2025-02-26T16:07:29","guid":{"rendered":"https:\/\/biblior.url.edu.gt\/?page_id=292"},"modified":"2025-02-27T08:25:29","modified_gmt":"2025-02-27T14:25:29","slug":"front_page","status":"publish","type":"page","link":"https:\/\/biblior.url.edu.gt\/","title":{"rendered":"Tesis"},"content":{"rendered":"\t\t<div data-elementor-type=\"wp-page\" data-elementor-id=\"292\" class=\"elementor elementor-292\">\n\t\t\t\t<div class=\"elementor-element elementor-element-4239386 e-con-full e-flex e-con e-parent\" data-id=\"4239386\" data-element_type=\"container\" data-e-type=\"container\" data-settings=\"{&quot;background_background&quot;:&quot;slideshow&quot;,&quot;background_slideshow_gallery&quot;:[{&quot;id&quot;:355,&quot;url&quot;:&quot;https:\\\/\\\/biblior.url.edu.gt\\\/wp-content\\\/uploads\\\/2025\\\/02\\\/Biblioteca-DR.-Isidro-Iriarte-VI-scaled.jpg&quot;}],&quot;background_slideshow_slide_transition&quot;:&quot;fade&quot;,&quot;background_slideshow_transition_duration&quot;:500}\">\n\t\t<div class=\"elementor-element elementor-element-9117790 e-con-full e-flex e-con e-child\" data-id=\"9117790\" data-element_type=\"container\" data-e-type=\"container\">\n\t\t\t\t<div class=\"elementor-element elementor-element-52a0ea8 elementor-widget elementor-widget-heading\" data-id=\"52a0ea8\" data-element_type=\"widget\" data-e-type=\"widget\" data-widget_type=\"heading.default\">\n\t\t\t\t<div class=\"elementor-widget-container\">\n\t\t\t\t\t<h2 class=\"elementor-heading-title elementor-size-default\">404<\/h2>\t\t\t\t<\/div>\n\t\t\t\t<\/div>\n\t\t\t\t<div class=\"elementor-element elementor-element-2918a08 elementor-widget elementor-widget-heading\" data-id=\"2918a08\" data-element_type=\"widget\" data-e-type=\"widget\" data-widget_type=\"heading.default\">\n\t\t\t\t<div class=\"elementor-widget-container\">\n\t\t\t\t\t<h3 class=\"elementor-heading-title elementor-size-default\">Lo sentimos, no se pudo encontrar esta p\u00e1gina<\/h3>\t\t\t\t<\/div>\n\t\t\t\t<\/div>\n\t\t\t\t<div class=\"elementor-element elementor-element-0d103b5 elementor-widget elementor-widget-heading\" data-id=\"0d103b5\" data-element_type=\"widget\" data-e-type=\"widget\" data-widget_type=\"heading.default\">\n\t\t\t\t<div class=\"elementor-widget-container\">\n\t\t\t\t\t<p class=\"elementor-heading-title elementor-size-default\">Es posible que la p\u00e1gina que est\u00e1s buscando haya sido eliminada,<br>\nse ha cambiado el nombre, no se ha escrito correctamente o no est\u00e1 disponible temporalmente.<\/p>\t\t\t\t<\/div>\n\t\t\t\t<\/div>\n\t\t\t\t<div class=\"elementor-element elementor-element-11695d4 elementor-widget elementor-widget-heading\" data-id=\"11695d4\" data-element_type=\"widget\" data-e-type=\"widget\" data-widget_type=\"heading.default\">\n\t\t\t\t<div class=\"elementor-widget-container\">\n\t\t\t\t\t<p class=\"elementor-heading-title elementor-size-default\"><a href=\"https:\/\/biblioteca.url.edu.gt\/\">Ir a nuestro sitio web<\/a><\/p>\t\t\t\t<\/div>\n\t\t\t\t<\/div>\n\t\t\t\t<\/div>\n\t\t\t\t<\/div>\n\t\t\t\t<\/div>\n\t\t","protected":false},"excerpt":{"rendered":"<p>404 Lo sentimos, no se pudo encontrar esta p\u00e1gina Es posible que la p\u00e1gina que est\u00e1s buscando haya sido eliminada, se ha cambiado el nombre, no se ha escrito correctamente o no est\u00e1 disponible temporalmente. Ir a nuestro sitio web<\/p>\n","protected":false},"author":3,"featured_media":0,"parent":0,"menu_order":0,"comment_status":"closed","ping_status":"closed","template":"elementor_canvas","meta":{"footnotes":""},"class_list":["post-292","page","type-page","status-publish","hentry","entry"],"aioseo_notices":[],"_links":{"self":[{"href":"https:\/\/biblior.url.edu.gt\/index.php?rest_route=\/wp\/v2\/pages\/292","targetHints":{"allow":["GET"]}}],"collection":[{"href":"https:\/\/biblior.url.edu.gt\/index.php?rest_route=\/wp\/v2\/pages"}],"about":[{"href":"https:\/\/biblior.url.edu.gt\/index.php?rest_route=\/wp\/v2\/types\/page"}],"author":[{"embeddable":true,"href":"https:\/\/biblior.url.edu.gt\/index.php?rest_route=\/wp\/v2\/users\/3"}],"replies":[{"embeddable":true,"href":"https:\/\/biblior.url.edu.gt\/index.php?rest_route=%2Fwp%2Fv2%2Fcomments&post=292"}],"version-history":[{"count":10,"href":"https:\/\/biblior.url.edu.gt\/index.php?rest_route=\/wp\/v2\/pages\/292\/revisions"}],"predecessor-version":[{"id":381,"href":"https:\/\/biblior.url.edu.gt\/index.php?rest_route=\/wp\/v2\/pages\/292\/revisions\/381"}],"wp:attachment":[{"href":"https:\/\/biblior.url.edu.gt\/index.php?rest_route=%2Fwp%2Fv2%2Fmedia&parent=292"}],"curies":[{"name":"wp","href":"https:\/\/api.w.org\/{rel}","templated":true}]}}